{"id":256,"date":"2015-07-27T04:50:39","date_gmt":"2015-07-27T04:50:39","guid":{"rendered":"http:\/\/demo.oceanthemes.net\/archi\/?page_id=256"},"modified":"2018-12-14T16:45:13","modified_gmt":"2018-12-14T14:45:13","slug":"contact","status":"publish","type":"page","link":"https:\/\/www.2sworkshop.com\/index.php\/contact\/","title":{"rendered":"Contact"},"content":{"rendered":"<p>[vc_row css=&#8221;.vc_custom_1477301848207{padding-top: 70px !important;padding-bottom: 70px !important;}&#8221;][vc_column width=&#8221;2\/3&#8243; wap_class=&#8221;wow fadeInUp&#8221; css=&#8221;.vc_custom_1452789686396{margin-bottom: 30px !important;}&#8221;]\t\n\t<h3 style=\"\" > Bize Yaz\u0131n!<\/h3>\t\n[vc_empty_space height=&#8221;10px&#8221;]<div role=\"form\" class=\"wpcf7\" id=\"wpcf7-f283-o1\" lang=\"en-US\" dir=\"ltr\">\n<div class=\"screen-reader-response\"><p role=\"status\" aria-live=\"polite\" aria-atomic=\"true\"><\/p> <ul><\/ul><\/div>\n<form action=\"\/index.php\/wp-json\/wp\/v2\/pages\/256#wpcf7-f283-o1\" method=\"post\" class=\"wpcf7-form init\" novalidate=\"novalidate\" data-status=\"init\">\n<div style=\"display: none;\">\n<input type=\"hidden\" name=\"_wpcf7\" value=\"283\" \/>\n<input type=\"hidden\" name=\"_wpcf7_version\" value=\"5.6.4\" \/>\n<input type=\"hidden\" name=\"_wpcf7_locale\" value=\"en_US\" \/>\n<input type=\"hidden\" name=\"_wpcf7_unit_tag\" value=\"wpcf7-f283-o1\" \/>\n<input type=\"hidden\" name=\"_wpcf7_container_post\" value=\"0\" \/>\n<input type=\"hidden\" name=\"_wpcf7_posted_data_hash\" value=\"\" \/>\n<\/div>\n<div class=\"row\">\n<div class=\"col-md-4\">\n<div><span class=\"wpcf7-form-control-wrap\" data-name=\"your-name\"><input type=\"text\" name=\"your-name\" value=\"\" size=\"40\" class=\"wpcf7-form-control wpcf7-text wpcf7-validates-as-required\" aria-required=\"true\" aria-invalid=\"false\" placeholder=\"Ad\u0131n\u0131z\" \/><\/span> <\/div>\n<div><span class=\"wpcf7-form-control-wrap\" data-name=\"your-surname\"><input type=\"text\" name=\"your-surname\" value=\"\" size=\"40\" class=\"wpcf7-form-control wpcf7-text wpcf7-validates-as-required\" aria-required=\"true\" aria-invalid=\"false\" placeholder=\"Soyad\u0131n\u0131z\" \/><\/span> <\/div>\n<div><span class=\"wpcf7-form-control-wrap\" data-name=\"email-453\"><input type=\"email\" name=\"email-453\" value=\"\" size=\"40\" class=\"wpcf7-form-control wpcf7-text wpcf7-email wpcf7-validates-as-required wpcf7-validates-as-email\" aria-required=\"true\" aria-invalid=\"false\" placeholder=\"Email Adresiniz\" \/><\/span> <\/div>\n<div><span class=\"wpcf7-form-control-wrap\" data-name=\"tel-565\"><input type=\"tel\" name=\"tel-565\" value=\"\" size=\"40\" class=\"wpcf7-form-control wpcf7-text wpcf7-tel wpcf7-validates-as-required wpcf7-validates-as-tel\" aria-required=\"true\" aria-invalid=\"false\" placeholder=\"Telefon Numaran\u0131z\" \/><\/span><\/div>\n<\/div>\n<div class=\"col-md-8\">\n<div><span class=\"wpcf7-form-control-wrap\" data-name=\"message\"><textarea name=\"message\" cols=\"40\" rows=\"10\" class=\"wpcf7-form-control wpcf7-textarea wpcf7-validates-as-required\" aria-required=\"true\" aria-invalid=\"false\" placeholder=\"Mesaj\u0131n\u0131z\"><\/textarea><\/span><\/div>\n<\/div>\n<div class=\"col-md-12\">\n<p id=\"submit\"><input type=\"submit\" value=\"G\u00f6nder\" class=\"wpcf7-form-control has-spinner wpcf7-submit btn btn-line\" \/><\/p>\n<\/div>\n<\/div>\n<div class=\"wpcf7-response-output\" aria-hidden=\"true\"><\/div><\/form><\/div>[\/vc_column][vc_column width=&#8221;1\/3&#8243; wap_class=&#8221;wow fadeInUp&#8221;]\t\n\t<h3 style=\"\" > Bize Ula\u015f\u0131n!<\/h3>\t\n[vc_column_text css=&#8221;.vc_custom_1543585988011{margin-bottom: 60px !important;}&#8221;]<\/p>\n<address>\n<div>Ethemefendi Cad. \u00dclke Sok. No:7 Da:16<\/div>\n<div>Erenk\u00f6y Kad\u0131k\u00f6y \u0130stanbul<\/div>\n<div><strong>Telefon:<\/strong>(216) 602 1076<\/div>\n<div><strong>Email:<\/strong><a href=\"mailto:info@2sworkshop.com\">info@2sworkshop.com<\/a><\/div>\n<div><strong>Web:<\/strong><a href=\"http:\/\/2sworkshop.com\">http:\/\/2sworkshop.com<\/a><\/div>\n<div><\/div>\n<\/address>\n<p>[\/vc_column_text][vc_separator color=&#8221;custom&#8221; accent_color=&#8221;#333333&#8243;][\/vc_column][\/vc_row][vc_row fullwidth=&#8221;yes&#8221;][vc_column][vc_gmaps link=&#8221;#E-8_JTNDaWZyYW1lJTIwc3JjJTNEJTIyaHR0cHMlM0ElMkYlMkZ3d3cuZ29vZ2xlLmNvbSUyRm1hcHMlMkZlbWJlZCUzRnBiJTNEJTIxMW0xOCUyMTFtMTIlMjExbTMlMjExZDMwMTIuNDQxODE1NjYxNzIzJTIxMmQyOS4wNzI4MTk2MTU3OTczOTYlMjEzZDQwLjk3MTgwNTM3OTMwNDM2JTIxMm0zJTIxMWYwJTIxMmYwJTIxM2YwJTIxM20yJTIxMWkxMDI0JTIxMmk3NjglMjE0ZjEzLjElMjEzbTMlMjExbTIlMjExczB4MTRjYWM2Mjk2YWUxNTMxYiUyNTNBMHgxZmI4ZmNlOGNjMGIxMjlhJTIxMnMyUyUyQldvcmtzaG9wJTJCTWltYXJsJTI1QzQlMjVCMWslMjE1ZTAlMjEzbTIlMjExc3RyJTIxMnN0ciUyMTR2MTU0NDc5ODE5MDc5NSUyMiUyMHdpZHRoJTNEJTIyMjUwMCUyMiUyMGhlaWdodCUzRCUyMjYwMCUyMiUyMGZyYW1lYm9yZGVyJTNEJTIyMCUyMiUyMHN0eWxlJTNEJTIyYm9yZGVyJTNBMCUyMiUyMGFsbG93ZnVsbHNjcmVlbiUzRSUzQyUyRmlmcmFtZSUzRQ==&#8221; css=&#8221;.vc_custom_1544798523731{background-image: url(http:\/\/www.2sworkshop.com\/wp-content\/uploads\/2017\/02\/KURUMSAL-LOGO50.png?id=1061) !important;}&#8221;][\/vc_column][\/vc_row]<\/p>\n","protected":false},"excerpt":{"rendered":"<p>[vc_row css=&#8221;.vc_custom_1477301848207{padding-top: 70px !important;padding-bottom: 70px !important;}&#8221;][vc_column width=&#8221;2\/3&#8243; wap_class=&#8221;wow fadeInUp&#8221; css=&#8221;.vc_custom_1452789686396{margin-bottom: 30px !important;}&#8221;][vc_empty_space height=&#8221;10px&#8221;][\/vc_column][vc_column width=&#8221;1\/3&#8243; wap_class=&#8221;wow fadeInUp&#8221;][vc_column_text css=&#8221;.vc_custom_1543585988011{margin-bottom: 60px !important;}&#8221;] Ethemefendi Cad. \u00dclke Sok. No:7 Da:16 Erenk\u00f6y Kad\u0131k\u00f6y \u0130stanbul Telefon:(216) 602 1076 Email:info@2sworkshop.com Web:http:\/\/2sworkshop.com [\/vc_column_text][vc_separator color=&#8221;custom&#8221; accent_color=&#8221;#333333&#8243;][\/vc_column][\/vc_row][vc_row fullwidth=&#8221;yes&#8221;][vc_column][vc_gmaps link=&#8221;#E-8_JTNDaWZyYW1lJTIwc3JjJTNEJTIyaHR0cHMlM0ElMkYlMkZ3d3cuZ29vZ2xlLmNvbSUyRm1hcHMlMkZlbWJlZCUzRnBiJTNEJTIxMW0xOCUyMTFtMTIlMjExbTMlMjExZDMwMTIuNDQxODE1NjYxNzIzJTIxMmQyOS4wNzI4MTk2MTU3OTczOTYlMjEzZDQwLjk3MTgwNTM3OTMwNDM2JTIxMm0zJTIxMWYwJTIxMmYwJTIxM2YwJTIxM20yJTIxMWkxMDI0JTIxMmk3NjglMjE0ZjEzLjElMjEzbTMlMjExbTIlMjExczB4MTRjYWM2Mjk2YWUxNTMxYiUyNTNBMHgxZmI4ZmNlOGNjMGIxMjlhJTIxMnMyUyUyQldvcmtzaG9wJTJCTWltYXJsJTI1QzQlMjVCMWslMjE1ZTAlMjEzbTIlMjExc3RyJTIxMnN0ciUyMTR2MTU0NDc5ODE5MDc5NSUyMiUyMHdpZHRoJTNEJTIyMjUwMCUyMiUyMGhlaWdodCUzRCUyMjYwMCUyMiUyMGZyYW1lYm9yZGVyJTNEJTIyMCUyMiUyMHN0eWxlJTNEJTIyYm9yZGVyJTNBMCUyMiUyMGFsbG93ZnVsbHNjcmVlbiUzRSUzQyUyRmlmcmFtZSUzRQ==&#8221; css=&#8221;.vc_custom_1544798523731{background-image: url(http:\/\/www.2sworkshop.com\/wp-content\/uploads\/2017\/02\/KURUMSAL-LOGO50.png?id=1061) !important;}&#8221;][\/vc_column][\/vc_row]<\/p>\n","protected":false},"author":1,"featured_media":0,"parent":0,"menu_order":0,"comment_status":"open","ping_status":"open","template":"page-templates\/template-fullwidth.php","meta":[],"_links":{"self":[{"href":"https:\/\/www.2sworkshop.com\/index.php\/wp-json\/wp\/v2\/pages\/256"}],"collection":[{"href":"https:\/\/www.2sworkshop.com\/index.php\/wp-json\/wp\/v2\/pages"}],"about":[{"href":"https:\/\/www.2sworkshop.com\/index.php\/wp-json\/wp\/v2\/types\/page"}],"author":[{"embeddable":true,"href":"https:\/\/www.2sworkshop.com\/index.php\/wp-json\/wp\/v2\/users\/1"}],"replies":[{"embeddable":true,"href":"https:\/\/www.2sworkshop.com\/index.php\/wp-json\/wp\/v2\/comments?post=256"}],"version-history":[{"count":10,"href":"https:\/\/www.2sworkshop.com\/index.php\/wp-json\/wp\/v2\/pages\/256\/revisions"}],"predecessor-version":[{"id":1681,"href":"https:\/\/www.2sworkshop.com\/index.php\/wp-json\/wp\/v2\/pages\/256\/revisions\/1681"}],"wp:attachment":[{"href":"https:\/\/www.2sworkshop.com\/index.php\/wp-json\/wp\/v2\/media?parent=256"}],"curies":[{"name":"wp","href":"https:\/\/api.w.org\/{rel}","templated":true}]}}